{"id":8,"date":"2012-08-06T22:54:23","date_gmt":"2012-08-06T22:54:23","guid":{"rendered":"http:\/\/www.spectra.com.co\/prev\/?page_id=8"},"modified":"2023-09-13T17:20:37","modified_gmt":"2023-09-13T22:20:37","slug":"quienessomos","status":"publish","type":"page","link":"https:\/\/spectra.com.co\/beta2025\/quienessomos\/","title":{"rendered":"Quienes Somos"},"content":{"rendered":"\t\t<div data-elementor-type=\"wp-page\" data-elementor-id=\"8\" class=\"elementor elementor-8\">\n\t\t\t\t\t\t<section class=\"elementor-section elementor-top-section elementor-element elementor-element-54027d2 elementor-section-content-middle elementor-section-full_width elementor-section-stretched elementor-section-height-default elementor-section-height-default\" data-id=\"54027d2\" data-element_type=\"section\" data-e-type=\"section\" data-settings=\"{&quot;stretch_section&quot;:&quot;section-stretched&quot;}\">\n\t\t\t\t\t\t<div class=\"elementor-container elementor-column-gap-no\">\n\t\t\t\t\t<div class=\"elementor-column elementor-col-50 elementor-top-column elementor-element elementor-element-3bb7ef4\" data-id=\"3bb7ef4\" data-element_type=\"column\" data-e-type=\"column\">\n\t\t\t<div class=\"elementor-widget-wrap elementor-element-populated\">\n\t\t\t\t\t\t<div class=\"elementor-element elementor-element-b3a02fb elementor-invisible elementor-widget elementor-widget-heading\" data-id=\"b3a02fb\" data-element_type=\"widget\" data-e-type=\"widget\" data-settings=\"{&quot;_animation&quot;:&quot;fadeIn&quot;}\" data-widget_type=\"heading.default\">\n\t\t\t\t<div class=\"elementor-widget-container\">\n\t\t\t\t\t<h4 class=\"elementor-heading-title elementor-size-default\">NOSOTROS<\/h4>\t\t\t\t<\/div>\n\t\t\t\t<\/div>\n\t\t\t\t<div class=\"elementor-element elementor-element-6880c5c elementor-widget elementor-widget-text-editor\" data-id=\"6880c5c\" data-element_type=\"widget\" data-e-type=\"widget\" data-widget_type=\"text-editor.default\">\n\t\t\t\t<div class=\"elementor-widget-container\">\n\t\t\t\t\t\t\t\t\t<p>Spectra Ingenier\u00eda S.A.S es un integrador l\u00edder de tecnolog\u00edas y servicios de vanguardia. Queremos construir un lugar para crecer a nivel personal y profesional, siendo un referente empresarial de confianza, bienestar, calidad, y eficiencia. Contamos con soluciones escalables para empresas de todos los tama\u00f1os y hoy ofrecemos servicios innovadores e inteligentes a decenas de clientes en todo el pa\u00eds.<\/p>\t\t\t\t\t\t\t\t<\/div>\n\t\t\t\t<\/div>\n\t\t\t\t\t<\/div>\n\t\t<\/div>\n\t\t\t\t<div class=\"elementor-column elementor-col-50 elementor-top-column elementor-element elementor-element-9b1ba88\" data-id=\"9b1ba88\" data-element_type=\"column\" data-e-type=\"column\">\n\t\t\t<div class=\"elementor-widget-wrap elementor-element-populated\">\n\t\t\t\t\t\t<section class=\"elementor-section elementor-inner-section elementor-element elementor-element-21f02d7 elementor-section-boxed elementor-section-height-default elementor-section-height-default\" data-id=\"21f02d7\" data-element_type=\"section\" data-e-type=\"section\">\n\t\t\t\t\t\t<div class=\"elementor-container elementor-column-gap-default\">\n\t\t\t\t\t<div class=\"elementor-column elementor-col-100 elementor-inner-column elementor-element elementor-element-b363a4f\" data-id=\"b363a4f\" data-element_type=\"column\" data-e-type=\"column\">\n\t\t\t<div class=\"elementor-widget-wrap elementor-element-populated\">\n\t\t\t\t\t\t<div class=\"elementor-element elementor-element-600c07b elementor-widget elementor-widget-video\" data-id=\"600c07b\" data-element_type=\"widget\" data-e-type=\"widget\" data-settings=\"{&quot;video_type&quot;:&quot;hosted&quot;,&quot;autoplay&quot;:&quot;yes&quot;,&quot;play_on_mobile&quot;:&quot;yes&quot;,&quot;mute&quot;:&quot;yes&quot;,&quot;loop&quot;:&quot;yes&quot;}\" data-widget_type=\"video.default\">\n\t\t\t\t<div class=\"elementor-widget-container\">\n\t\t\t\t\t\t\t<div class=\"e-hosted-video elementor-wrapper elementor-open-inline\">\n\t\t\t\t\t<video class=\"elementor-video\" src=\"https:\/\/www.spectra.com.co\/wp-content\/uploads\/2023\/09\/import_614eb638cdee05.43942843_FPpreview-1.mp4\" autoplay=\"\" loop=\"\" muted=\"muted\" playsinline=\"\" controlsList=\"nodownload\"><\/video>\n\t\t\t\t<\/div>\n\t\t\t\t\t\t<\/div>\n\t\t\t\t<\/div>\n\t\t\t\t\t<\/div>\n\t\t<\/div>\n\t\t\t\t\t<\/div>\n\t\t<\/section>\n\t\t\t\t\t<\/div>\n\t\t<\/div>\n\t\t\t\t\t<\/div>\n\t\t<\/section>\n\t\t\t\t<section class=\"elementor-section elementor-top-section elementor-element elementor-element-f6ac30d elementor-section-full_width elementor-section-stretched elementor-section-height-default elementor-section-height-default\" data-id=\"f6ac30d\" data-element_type=\"section\" data-e-type=\"section\" data-settings=\"{&quot;stretch_section&quot;:&quot;section-stretched&quot;}\">\n\t\t\t\t\t\t<div class=\"elementor-container elementor-column-gap-default\">\n\t\t\t\t\t<div class=\"elementor-column elementor-col-100 elementor-top-column elementor-element elementor-element-6b20ead\" data-id=\"6b20ead\" data-element_type=\"column\" data-e-type=\"column\">\n\t\t\t<div class=\"elementor-widget-wrap elementor-element-populated\">\n\t\t\t\t\t\t<div class=\"elementor-element elementor-element-be83191 elementor-widget elementor-widget-image\" data-id=\"be83191\" data-element_type=\"widget\" data-e-type=\"widget\" data-widget_type=\"image.default\">\n\t\t\t\t<div class=\"elementor-widget-container\">\n\t\t\t\t\t\t\t\t\t\t\t\t\t\t\t<img fetchpriority=\"high\" decoding=\"async\" width=\"1920\" height=\"1080\" src=\"https:\/\/spectra.com.co\/beta2025\/wp-content\/uploads\/2023\/09\/Mision-dnghhf-Vision-xncmdvdf-3.png\" class=\"attachment-full size-full wp-image-2483\" alt=\"\" srcset=\"https:\/\/spectra.com.co\/beta2025\/wp-content\/uploads\/2023\/09\/Mision-dnghhf-Vision-xncmdvdf-3.png 1920w, https:\/\/spectra.com.co\/beta2025\/wp-content\/uploads\/2023\/09\/Mision-dnghhf-Vision-xncmdvdf-3-300x169.png 300w, https:\/\/spectra.com.co\/beta2025\/wp-content\/uploads\/2023\/09\/Mision-dnghhf-Vision-xncmdvdf-3-1024x576.png 1024w, https:\/\/spectra.com.co\/beta2025\/wp-content\/uploads\/2023\/09\/Mision-dnghhf-Vision-xncmdvdf-3-768x432.png 768w, https:\/\/spectra.com.co\/beta2025\/wp-content\/uploads\/2023\/09\/Mision-dnghhf-Vision-xncmdvdf-3-1536x864.png 1536w\" sizes=\"(max-width: 1920px) 100vw, 1920px\" \/>\t\t\t\t\t\t\t\t\t\t\t\t\t\t\t<\/div>\n\t\t\t\t<\/div>\n\t\t\t\t\t<\/div>\n\t\t<\/div>\n\t\t\t\t\t<\/div>\n\t\t<\/section>\n\t\t\t\t<section class=\"elementor-section elementor-top-section elementor-element elementor-element-100bed4 elementor-section-height-min-height elementor-section-stretched elementor-section-full_width elementor-section-height-default elementor-section-items-middle\" data-id=\"100bed4\" data-element_type=\"section\" data-e-type=\"section\" data-settings=\"{&quot;stretch_section&quot;:&quot;section-stretched&quot;,&quot;background_background&quot;:&quot;classic&quot;}\">\n\t\t\t\t\t\t\t<div class=\"elementor-background-overlay\"><\/div>\n\t\t\t\t\t\t\t<div class=\"elementor-container elementor-column-gap-default\">\n\t\t\t\t\t<div class=\"elementor-column elementor-col-33 elementor-top-column elementor-element elementor-element-8e91e95\" data-id=\"8e91e95\" data-element_type=\"column\" data-e-type=\"column\">\n\t\t\t<div class=\"elementor-widget-wrap elementor-element-populated\">\n\t\t\t\t\t\t<div class=\"elementor-element elementor-element-6e6db7e elementor-widget elementor-widget-image\" data-id=\"6e6db7e\" data-element_type=\"widget\" data-e-type=\"widget\" data-widget_type=\"image.default\">\n\t\t\t\t<div class=\"elementor-widget-container\">\n\t\t\t\t\t\t\t\t\t\t\t\t\t\t\t<img decoding=\"async\" width=\"1024\" height=\"683\" data-src=\"https:\/\/spectra.com.co\/beta2025\/wp-content\/uploads\/2023\/09\/tres-trabajadores-fabrica-sombreros-seguridad-discutiendo-plan-fabricacion-1024x683.jpg\" class=\"elementor-animation-float attachment-large size-large wp-image-2479 lazyload\" alt=\"\" data-srcset=\"https:\/\/spectra.com.co\/beta2025\/wp-content\/uploads\/2023\/09\/tres-trabajadores-fabrica-sombreros-seguridad-discutiendo-plan-fabricacion-1024x683.jpg 1024w, https:\/\/spectra.com.co\/beta2025\/wp-content\/uploads\/2023\/09\/tres-trabajadores-fabrica-sombreros-seguridad-discutiendo-plan-fabricacion-300x200.jpg 300w, https:\/\/spectra.com.co\/beta2025\/wp-content\/uploads\/2023\/09\/tres-trabajadores-fabrica-sombreros-seguridad-discutiendo-plan-fabricacion-768x512.jpg 768w, https:\/\/spectra.com.co\/beta2025\/wp-content\/uploads\/2023\/09\/tres-trabajadores-fabrica-sombreros-seguridad-discutiendo-plan-fabricacion-1536x1024.jpg 1536w, https:\/\/spectra.com.co\/beta2025\/wp-content\/uploads\/2023\/09\/tres-trabajadores-fabrica-sombreros-seguridad-discutiendo-plan-fabricacion-2048x1366.jpg 2048w\" data-sizes=\"(max-width: 1024px) 100vw, 1024px\" src=\"data:image\/svg+xml;base64,PHN2ZyB3aWR0aD0iMSIgaGVpZ2h0PSIxIiB4bWxucz0iaHR0cDovL3d3dy53My5vcmcvMjAwMC9zdmciPjwvc3ZnPg==\" style=\"--smush-placeholder-width: 1024px; --smush-placeholder-aspect-ratio: 1024\/683;\" \/>\t\t\t\t\t\t\t\t\t\t\t\t\t\t\t<\/div>\n\t\t\t\t<\/div>\n\t\t\t\t<div class=\"elementor-element elementor-element-d9ea6a7 elementor-widget elementor-widget-heading\" data-id=\"d9ea6a7\" data-element_type=\"widget\" data-e-type=\"widget\" data-widget_type=\"heading.default\">\n\t\t\t\t<div class=\"elementor-widget-container\">\n\t\t\t\t\t<h2 class=\"elementor-heading-title elementor-size-default\">Seguridad y Salud en el Trabajo<\/h2>\t\t\t\t<\/div>\n\t\t\t\t<\/div>\n\t\t\t\t\t<\/div>\n\t\t<\/div>\n\t\t\t\t<div class=\"elementor-column elementor-col-33 elementor-top-column elementor-element elementor-element-f2ceea8\" data-id=\"f2ceea8\" data-element_type=\"column\" data-e-type=\"column\">\n\t\t\t<div class=\"elementor-widget-wrap elementor-element-populated\">\n\t\t\t\t\t\t<div class=\"elementor-element elementor-element-c1d375d elementor-widget elementor-widget-image\" data-id=\"c1d375d\" data-element_type=\"widget\" data-e-type=\"widget\" data-widget_type=\"image.default\">\n\t\t\t\t<div class=\"elementor-widget-container\">\n\t\t\t\t\t\t\t\t\t\t\t\t\t\t\t<img decoding=\"async\" width=\"1024\" height=\"683\" data-src=\"https:\/\/spectra.com.co\/beta2025\/wp-content\/uploads\/2023\/09\/equipo-negocios-uniendo-manos-juntas-fondo-ciudad-1024x683.jpg\" class=\"elementor-animation-float attachment-large size-large wp-image-2478 lazyload\" alt=\"\" data-srcset=\"https:\/\/spectra.com.co\/beta2025\/wp-content\/uploads\/2023\/09\/equipo-negocios-uniendo-manos-juntas-fondo-ciudad-1024x683.jpg 1024w, https:\/\/spectra.com.co\/beta2025\/wp-content\/uploads\/2023\/09\/equipo-negocios-uniendo-manos-juntas-fondo-ciudad-300x200.jpg 300w, https:\/\/spectra.com.co\/beta2025\/wp-content\/uploads\/2023\/09\/equipo-negocios-uniendo-manos-juntas-fondo-ciudad-768x513.jpg 768w, https:\/\/spectra.com.co\/beta2025\/wp-content\/uploads\/2023\/09\/equipo-negocios-uniendo-manos-juntas-fondo-ciudad-1536x1025.jpg 1536w, https:\/\/spectra.com.co\/beta2025\/wp-content\/uploads\/2023\/09\/equipo-negocios-uniendo-manos-juntas-fondo-ciudad-2048x1367.jpg 2048w\" data-sizes=\"(max-width: 1024px) 100vw, 1024px\" src=\"data:image\/svg+xml;base64,PHN2ZyB3aWR0aD0iMSIgaGVpZ2h0PSIxIiB4bWxucz0iaHR0cDovL3d3dy53My5vcmcvMjAwMC9zdmciPjwvc3ZnPg==\" style=\"--smush-placeholder-width: 1024px; --smush-placeholder-aspect-ratio: 1024\/683;\" \/>\t\t\t\t\t\t\t\t\t\t\t\t\t\t\t<\/div>\n\t\t\t\t<\/div>\n\t\t\t\t<div class=\"elementor-element elementor-element-1050dc4 elementor-widget elementor-widget-heading\" data-id=\"1050dc4\" data-element_type=\"widget\" data-e-type=\"widget\" data-widget_type=\"heading.default\">\n\t\t\t\t<div class=\"elementor-widget-container\">\n\t\t\t\t\t<h2 class=\"elementor-heading-title elementor-size-default\">Valores Corporativos<\/h2>\t\t\t\t<\/div>\n\t\t\t\t<\/div>\n\t\t\t\t\t<\/div>\n\t\t<\/div>\n\t\t\t\t<div class=\"elementor-column elementor-col-33 elementor-top-column elementor-element elementor-element-7cebf55\" data-id=\"7cebf55\" data-element_type=\"column\" data-e-type=\"column\">\n\t\t\t<div class=\"elementor-widget-wrap elementor-element-populated\">\n\t\t\t\t\t\t<div class=\"elementor-element elementor-element-1c18d8e elementor-widget elementor-widget-image\" data-id=\"1c18d8e\" data-element_type=\"widget\" data-e-type=\"widget\" data-widget_type=\"image.default\">\n\t\t\t\t<div class=\"elementor-widget-container\">\n\t\t\t\t\t\t\t\t\t\t\t\t\t\t\t<img decoding=\"async\" width=\"1024\" height=\"683\" data-src=\"https:\/\/spectra.com.co\/beta2025\/wp-content\/uploads\/2023\/09\/vista-frontal-hombre-bloques-madera-1024x683.jpg\" class=\"elementor-animation-float attachment-large size-large wp-image-2480 lazyload\" alt=\"\" data-srcset=\"https:\/\/spectra.com.co\/beta2025\/wp-content\/uploads\/2023\/09\/vista-frontal-hombre-bloques-madera-1024x683.jpg 1024w, https:\/\/spectra.com.co\/beta2025\/wp-content\/uploads\/2023\/09\/vista-frontal-hombre-bloques-madera-300x200.jpg 300w, https:\/\/spectra.com.co\/beta2025\/wp-content\/uploads\/2023\/09\/vista-frontal-hombre-bloques-madera-768x512.jpg 768w, https:\/\/spectra.com.co\/beta2025\/wp-content\/uploads\/2023\/09\/vista-frontal-hombre-bloques-madera-1536x1024.jpg 1536w, https:\/\/spectra.com.co\/beta2025\/wp-content\/uploads\/2023\/09\/vista-frontal-hombre-bloques-madera-2048x1365.jpg 2048w\" data-sizes=\"(max-width: 1024px) 100vw, 1024px\" src=\"data:image\/svg+xml;base64,PHN2ZyB3aWR0aD0iMSIgaGVpZ2h0PSIxIiB4bWxucz0iaHR0cDovL3d3dy53My5vcmcvMjAwMC9zdmciPjwvc3ZnPg==\" style=\"--smush-placeholder-width: 1024px; --smush-placeholder-aspect-ratio: 1024\/683;\" \/>\t\t\t\t\t\t\t\t\t\t\t\t\t\t\t<\/div>\n\t\t\t\t<\/div>\n\t\t\t\t<div class=\"elementor-element elementor-element-767a442 elementor-widget elementor-widget-heading\" data-id=\"767a442\" data-element_type=\"widget\" data-e-type=\"widget\" data-widget_type=\"heading.default\">\n\t\t\t\t<div class=\"elementor-widget-container\">\n\t\t\t\t\t<h2 class=\"elementor-heading-title elementor-size-default\">Responsabilidad Social Empresarial<\/h2>\t\t\t\t<\/div>\n\t\t\t\t<\/div>\n\t\t\t\t\t<\/div>\n\t\t<\/div>\n\t\t\t\t\t<\/div>\n\t\t<\/section>\n\t\t\t\t<\/div>\n\t\t","protected":false},"excerpt":{"rendered":"<p>NOSOTROS Spectra Ingenier\u00eda S.A.S es un integrador l\u00edder de tecnolog\u00edas y servicios de vanguardia. Queremos construir un lugar para crecer a nivel personal y profesional, siendo un referente empresarial de confianza, bienestar, calidad, y eficiencia. Contamos con soluciones escalables para empresas de todos los tama\u00f1os y hoy ofrecemos servicios innovadores e inteligentes a decenas de [&hellip;]<\/p>\n","protected":false},"author":1,"featured_media":9,"parent":0,"menu_order":0,"comment_status":"closed","ping_status":"closed","template":"page-templates\/full-width-page.php","meta":{"footnotes":""},"class_list":["post-8","page","type-page","status-publish","has-post-thumbnail","hentry"],"_links":{"self":[{"href":"https:\/\/spectra.com.co\/beta2025\/wp-json\/wp\/v2\/pages\/8","targetHints":{"allow":["GET"]}}],"collection":[{"href":"https:\/\/spectra.com.co\/beta2025\/wp-json\/wp\/v2\/pages"}],"about":[{"href":"https:\/\/spectra.com.co\/beta2025\/wp-json\/wp\/v2\/types\/page"}],"author":[{"embeddable":true,"href":"https:\/\/spectra.com.co\/beta2025\/wp-json\/wp\/v2\/users\/1"}],"replies":[{"embeddable":true,"href":"https:\/\/spectra.com.co\/beta2025\/wp-json\/wp\/v2\/comments?post=8"}],"version-history":[{"count":20,"href":"https:\/\/spectra.com.co\/beta2025\/wp-json\/wp\/v2\/pages\/8\/revisions"}],"predecessor-version":[{"id":2494,"href":"https:\/\/spectra.com.co\/beta2025\/wp-json\/wp\/v2\/pages\/8\/revisions\/2494"}],"wp:featuredmedia":[{"embeddable":true,"href":"https:\/\/spectra.com.co\/beta2025\/wp-json\/wp\/v2\/media\/9"}],"wp:attachment":[{"href":"https:\/\/spectra.com.co\/beta2025\/wp-json\/wp\/v2\/media?parent=8"}],"curies":[{"name":"wp","href":"https:\/\/api.w.org\/{rel}","templated":true}]}}